{"id":1162,"date":"2022-07-06T19:39:22","date_gmt":"2022-07-06T19:39:22","guid":{"rendered":"http:\/\/gtgiiag.umsa.bo\/?page_id=1162"},"modified":"2022-07-07T17:10:44","modified_gmt":"2022-07-07T17:10:44","slug":"registro-mcg","status":"publish","type":"page","link":"https:\/\/gtgiiag.umsa.bo\/?page_id=1162","title":{"rendered":"Registro MCG"},"content":{"rendered":"\t\t<div data-elementor-type=\"wp-page\" data-elementor-id=\"1162\" class=\"elementor elementor-1162\">\n\t\t\t\t\t\t\t\t\t<section class=\"elementor-section elementor-top-section elementor-element elementor-element-48a30398 elementor-section-full_width elementor-section-height-min-height elementor-section-height-default elementor-section-items-middle\" data-id=\"48a30398\" data-element_type=\"section\" data-settings=\"{&quot;background_background&quot;:&quot;classic&quot;}\">\n\t\t\t\t\t\t\t<div class=\"elementor-background-overlay\"><\/div>\n\t\t\t\t\t\t\t<div class=\"elementor-container elementor-column-gap-default\">\n\t\t\t\t\t<div class=\"elementor-column elementor-col-100 elementor-top-column elementor-element elementor-element-58de23cb\" data-id=\"58de23cb\" data-element_type=\"column\">\n\t\t\t<div class=\"elementor-widget-wrap elementor-element-populated\">\n\t\t\t\t\t\t\t\t<div class=\"elementor-element elementor-element-f4423a8 elementor-widget elementor-widget-heading\" data-id=\"f4423a8\" data-element_type=\"widget\" data-widget_type=\"heading.default\">\n\t\t\t\t<div class=\"elementor-widget-container\">\n\t\t\t<style>\/*! elementor - v3.7.4 - 31-08-2022 *\/\n.elementor-heading-title{padding:0;margin:0;line-height:1}.elementor-widget-heading .elementor-heading-title[class*=elementor-size-]>a{color:inherit;font-size:inherit;line-height:inherit}.elementor-widget-heading .elementor-heading-title.elementor-size-small{font-size:15px}.elementor-widget-heading .elementor-heading-title.elementor-size-medium{font-size:19px}.elementor-widget-heading .elementor-heading-title.elementor-size-large{font-size:29px}.elementor-widget-heading .elementor-heading-title.elementor-size-xl{font-size:39px}.elementor-widget-heading .elementor-heading-title.elementor-size-xxl{font-size:59px}<\/style><h1 class=\"elementor-heading-title elementor-size-default\">Preinscripci\u00f3n <br>\n MAESTR\u00cdA EN CIENCIAS GEOM\u00c1TICAS<\/h1>\t\t<\/div>\n\t\t\t\t<\/div>\n\t\t\t\t<div class=\"elementor-element elementor-element-a0b3823 elementor-align-center elementor-widget elementor-widget-button\" data-id=\"a0b3823\" data-element_type=\"widget\" data-widget_type=\"button.default\">\n\t\t\t\t<div class=\"elementor-widget-container\">\n\t\t\t\t\t<div class=\"elementor-button-wrapper\">\n\t\t\t<a href=\"https:\/\/gtgiiag.umsa.bo\/?page_id=975\" class=\"elementor-button-link elementor-button elementor-size-sm elementor-animation-shrink\" role=\"button\">\n\t\t\t\t\t\t<span class=\"elementor-button-content-wrapper\">\n\t\t\t\t\t\t<span class=\"elementor-button-text\">Volver<\/span>\n\t\t<\/span>\n\t\t\t\t\t<\/a>\n\t\t<\/div>\n\t\t\t\t<\/div>\n\t\t\t\t<\/div>\n\t\t\t\t\t<\/div>\n\t\t<\/div>\n\t\t\t\t\t\t\t<\/div>\n\t\t<\/section>\n\t\t\t\t<section class=\"elementor-section elementor-top-section elementor-element elementor-element-c501155 elementor-section-boxed elementor-section-height-default elementor-section-height-default\" data-id=\"c501155\" data-element_type=\"section\">\n\t\t\t\t\t\t<div class=\"elementor-container elementor-column-gap-default\">\n\t\t\t\t\t<div class=\"elementor-column elementor-col-100 elementor-top-column elementor-element elementor-element-0276817\" data-id=\"0276817\" data-element_type=\"column\">\n\t\t\t<div class=\"elementor-widget-wrap elementor-element-populated\">\n\t\t\t\t\t\t\t\t<div class=\"elementor-element elementor-element-cfabcc1 elementor-widget elementor-widget-text-editor\" data-id=\"cfabcc1\" data-element_type=\"widget\" data-widget_type=\"text-editor.default\">\n\t\t\t\t<div class=\"elementor-widget-container\">\n\t\t\t<style>\/*! elementor - v3.7.4 - 31-08-2022 *\/\n.elementor-widget-text-editor.elementor-drop-cap-view-stacked .elementor-drop-cap{background-color:#818a91;color:#fff}.elementor-widget-text-editor.elementor-drop-cap-view-framed .elementor-drop-cap{color:#818a91;border:3px solid;background-color:transparent}.elementor-widget-text-editor:not(.elementor-drop-cap-view-default) .elementor-drop-cap{margin-top:8px}.elementor-widget-text-editor:not(.elementor-drop-cap-view-default) .elementor-drop-cap-letter{width:1em;height:1em}.elementor-widget-text-editor .elementor-drop-cap{float:left;text-align:center;line-height:1;font-size:50px}.elementor-widget-text-editor .elementor-drop-cap-letter{display:inline-block}<\/style>\t\t\t\t<div role=\"form\" class=\"wpcf7\" id=\"wpcf7-f942-o1\" lang=\"es-ES\" dir=\"ltr\">\n<div class=\"screen-reader-response\"><p role=\"status\" aria-live=\"polite\" aria-atomic=\"true\"><\/p> <ul><\/ul><\/div>\n<form action=\"\/index.php?rest_route=%2Fwp%2Fv2%2Fpages%2F1162#wpcf7-f942-o1\" method=\"post\" class=\"wpcf7-form init demo\" novalidate=\"novalidate\" data-status=\"init\">\n<div style=\"display: none;\">\n<input type=\"hidden\" name=\"_wpcf7\" value=\"942\" \/>\n<input type=\"hidden\" name=\"_wpcf7_version\" value=\"5.6.3\" \/>\n<input type=\"hidden\" name=\"_wpcf7_locale\" value=\"es_ES\" \/>\n<input type=\"hidden\" name=\"_wpcf7_unit_tag\" value=\"wpcf7-f942-o1\" \/>\n<input type=\"hidden\" name=\"_wpcf7_container_post\" value=\"0\" \/>\n<input type=\"hidden\" name=\"_wpcf7_posted_data_hash\" value=\"\" \/>\n<\/div>\n<p><label> <b>Nombre (s)<\/b><br \/>\n    <span class=\"wpcf7-form-control-wrap\" data-name=\"nombre\"><input type=\"text\" name=\"nombre\" value=\"\" size=\"40\" class=\"wpcf7-form-control wpcf7-text wpcf7-validates-as-required\" aria-required=\"true\" aria-invalid=\"false\" \/><\/span> <\/label><\/p>\n<p><label> <b>Apellido (s)<\/b><br \/>\n    <span class=\"wpcf7-form-control-wrap\" data-name=\"apellido\"><input type=\"text\" name=\"apellido\" value=\"\" size=\"40\" class=\"wpcf7-form-control wpcf7-text wpcf7-validates-as-required\" aria-required=\"true\" aria-invalid=\"false\" \/><\/span> <\/label><\/p>\n<p><label> <b>Profesi\u00f3n<\/b><br \/>\n    <span class=\"wpcf7-form-control-wrap\" data-name=\"prof\"><input type=\"text\" name=\"prof\" value=\"\" size=\"40\" class=\"wpcf7-form-control wpcf7-text wpcf7-validates-as-required\" aria-required=\"true\" aria-invalid=\"false\" \/><\/span> <\/label><\/p>\n<p><label> <b>Numero de C\u00e9dula de Identidad<\/b> <i>(Ej.: 7925138 LP)<\/i><br \/>\n    <span class=\"wpcf7-form-control-wrap\" data-name=\"CI\"><input type=\"text\" name=\"CI\" value=\"\" size=\"40\" class=\"wpcf7-form-control wpcf7-text wpcf7-validates-as-required\" aria-required=\"true\" aria-invalid=\"false\" \/><\/span> <\/label><\/p>\n<p><label> <b>Telefono\/Celular<\/b><br \/>\n    <span class=\"wpcf7-form-control-wrap\" data-name=\"tel\"><input type=\"tel\" name=\"tel\" value=\"\" size=\"40\" class=\"wpcf7-form-control wpcf7-text wpcf7-tel wpcf7-validates-as-required wpcf7-validates-as-tel\" aria-required=\"true\" aria-invalid=\"false\" \/><\/span> <\/label><\/p>\n<p><label> <b>Tu correo electr\u00f3nico<\/b><br \/>\n    <span class=\"wpcf7-form-control-wrap\" data-name=\"your-email\"><input type=\"email\" name=\"your-email\" value=\"\" size=\"40\" class=\"wpcf7-form-control wpcf7-text wpcf7-email wpcf7-validates-as-required wpcf7-validates-as-email\" aria-required=\"true\" aria-invalid=\"false\" \/><\/span> <\/label><\/p>\n<p><label> <b>Elige tu curso de Postgrado<\/b><br \/>\n    <span class=\"wpcf7-form-control-wrap\" data-name=\"postgrado\"><select name=\"postgrado\" class=\"wpcf7-form-control wpcf7-select wpcf7-validates-as-required\" aria-required=\"true\" aria-invalid=\"false\"><option value=\"Maestr\u00eda en Ciencias Geom\u00e1ticas\">Maestr\u00eda en Ciencias Geom\u00e1ticas<\/option><\/select><\/span> <\/label><\/p>\n<p><label> <b>Mensaje<\/b><br \/>\n    <span class=\"wpcf7-form-control-wrap\" data-name=\"mensaje\"><textarea name=\"mensaje\" cols=\"40\" rows=\"10\" class=\"wpcf7-form-control wpcf7-textarea\" aria-invalid=\"false\"><\/textarea><\/span> <\/label><\/p>\n<p><input type=\"submit\" value=\"Enviar\" class=\"wpcf7-form-control has-spinner wpcf7-submit\" \/><\/p>\n<div class=\"wpcf7-response-output\" aria-hidden=\"true\"><\/div><\/form><\/div>\t\t\t\t\t\t<\/div>\n\t\t\t\t<\/div>\n\t\t\t\t\t<\/div>\n\t\t<\/div>\n\t\t\t\t\t\t\t<\/div>\n\t\t<\/section>\n\t\t\t\t\t\t\t<\/div>\n\t\t","protected":false},"excerpt":{"rendered":"<p>Preinscripci\u00f3n MAESTR\u00cdA EN CIENCIAS GEOM\u00c1TICAS Volver<\/p>\n","protected":false},"author":1,"featured_media":0,"parent":0,"menu_order":0,"comment_status":"closed","ping_status":"closed","template":"","meta":{"site-sidebar-layout":"no-sidebar","site-content-layout":"page-builder","ast-global-header-display":"","ast-main-header-display":"","ast-hfb-above-header-display":"","ast-hfb-below-header-display":"","ast-hfb-mobile-header-display":"","site-post-title":"disabled","ast-breadcrumbs-content":"","ast-featured-img":"disabled","footer-sml-layout":"","theme-transparent-header-meta":"","adv-header-id-meta":"","stick-header-meta":"","header-above-stick-meta":"","header-main-stick-meta":"","header-below-stick-meta":""},"yoast_head":"<!-- This site is optimized with the Yoast SEO plugin v19.4 - https:\/\/yoast.com\/wordpress\/plugins\/seo\/ -->\n<title>Registro MCG - Instituto de Investigaciones y Aplicaciones Geom\u00e1ticas<\/title>\n<meta name=\"robots\" content=\"index, follow, max-snippet:-1, max-image-preview:large, max-video-preview:-1\" \/>\n<link rel=\"canonical\" href=\"https:\/\/gtgiiag.umsa.bo\/?page_id=1162\" \/>\n<meta property=\"og:locale\" content=\"es_ES\" \/>\n<meta property=\"og:type\" content=\"article\" \/>\n<meta property=\"og:title\" content=\"Registro MCG - Instituto de Investigaciones y Aplicaciones Geom\u00e1ticas\" \/>\n<meta property=\"og:description\" content=\"Preinscripci\u00f3n MAESTR\u00cdA EN CIENCIAS GEOM\u00c1TICAS Volver\" \/>\n<meta property=\"og:url\" content=\"https:\/\/gtgiiag.umsa.bo\/?page_id=1162\" \/>\n<meta property=\"og:site_name\" content=\"Instituto de Investigaciones y Aplicaciones Geom\u00e1ticas\" \/>\n<meta property=\"article:modified_time\" content=\"2022-07-07T17:10:44+00:00\" \/>\n<meta name=\"twitter:card\" content=\"summary_large_image\" \/>\n<script type=\"application\/ld+json\" class=\"yoast-schema-graph\">{\"@context\":\"https:\/\/schema.org\",\"@graph\":[{\"@type\":\"Organization\",\"@id\":\"https:\/\/gtgiiag.umsa.bo\/#organization\",\"name\":\"Instituto de Investigaciones y Aplicaciones Geom\u00e1ticas\",\"url\":\"https:\/\/gtgiiag.umsa.bo\/\",\"sameAs\":[],\"logo\":{\"@type\":\"ImageObject\",\"inLanguage\":\"es\",\"@id\":\"https:\/\/gtgiiag.umsa.bo\/#\/schema\/logo\/image\/\",\"url\":\"https:\/\/gtgiiag.umsa.bo\/wp-content\/uploads\/2025\/04\/cropped-iiag_v21.png\",\"contentUrl\":\"https:\/\/gtgiiag.umsa.bo\/wp-content\/uploads\/2025\/04\/cropped-iiag_v21.png\",\"width\":469,\"height\":197,\"caption\":\"Instituto de Investigaciones y Aplicaciones Geom\u00e1ticas\"},\"image\":{\"@id\":\"https:\/\/gtgiiag.umsa.bo\/#\/schema\/logo\/image\/\"}},{\"@type\":\"WebSite\",\"@id\":\"https:\/\/gtgiiag.umsa.bo\/#website\",\"url\":\"https:\/\/gtgiiag.umsa.bo\/\",\"name\":\"Instituto de Investigaciones y Aplicaciones Geom\u00e1ticas\",\"description\":\"\",\"publisher\":{\"@id\":\"https:\/\/gtgiiag.umsa.bo\/#organization\"},\"potentialAction\":[{\"@type\":\"SearchAction\",\"target\":{\"@type\":\"EntryPoint\",\"urlTemplate\":\"https:\/\/gtgiiag.umsa.bo\/?s={search_term_string}\"},\"query-input\":\"required name=search_term_string\"}],\"inLanguage\":\"es\"},{\"@type\":\"WebPage\",\"@id\":\"https:\/\/gtgiiag.umsa.bo\/?page_id=1162\",\"url\":\"https:\/\/gtgiiag.umsa.bo\/?page_id=1162\",\"name\":\"Registro MCG - Instituto de Investigaciones y Aplicaciones Geom\u00e1ticas\",\"isPartOf\":{\"@id\":\"https:\/\/gtgiiag.umsa.bo\/#website\"},\"datePublished\":\"2022-07-06T19:39:22+00:00\",\"dateModified\":\"2022-07-07T17:10:44+00:00\",\"breadcrumb\":{\"@id\":\"https:\/\/gtgiiag.umsa.bo\/?page_id=1162#breadcrumb\"},\"inLanguage\":\"es\",\"potentialAction\":[{\"@type\":\"ReadAction\",\"target\":[\"https:\/\/gtgiiag.umsa.bo\/?page_id=1162\"]}]},{\"@type\":\"BreadcrumbList\",\"@id\":\"https:\/\/gtgiiag.umsa.bo\/?page_id=1162#breadcrumb\",\"itemListElement\":[{\"@type\":\"ListItem\",\"position\":1,\"name\":\"Portada\",\"item\":\"https:\/\/gtgiiag.umsa.bo\/\"},{\"@type\":\"ListItem\",\"position\":2,\"name\":\"Registro MCG\"}]}]}<\/script>\n<!-- \/ Yoast SEO plugin. -->","yoast_head_json":{"title":"Registro MCG - Instituto de Investigaciones y Aplicaciones Geom\u00e1ticas","robots":{"index":"index","follow":"follow","max-snippet":"max-snippet:-1","max-image-preview":"max-image-preview:large","max-video-preview":"max-video-preview:-1"},"canonical":"https:\/\/gtgiiag.umsa.bo\/?page_id=1162","og_locale":"es_ES","og_type":"article","og_title":"Registro MCG - Instituto de Investigaciones y Aplicaciones Geom\u00e1ticas","og_description":"Preinscripci\u00f3n MAESTR\u00cdA EN CIENCIAS GEOM\u00c1TICAS Volver","og_url":"https:\/\/gtgiiag.umsa.bo\/?page_id=1162","og_site_name":"Instituto de Investigaciones y Aplicaciones Geom\u00e1ticas","article_modified_time":"2022-07-07T17:10:44+00:00","twitter_card":"summary_large_image","schema":{"@context":"https:\/\/schema.org","@graph":[{"@type":"Organization","@id":"https:\/\/gtgiiag.umsa.bo\/#organization","name":"Instituto de Investigaciones y Aplicaciones Geom\u00e1ticas","url":"https:\/\/gtgiiag.umsa.bo\/","sameAs":[],"logo":{"@type":"ImageObject","inLanguage":"es","@id":"https:\/\/gtgiiag.umsa.bo\/#\/schema\/logo\/image\/","url":"https:\/\/gtgiiag.umsa.bo\/wp-content\/uploads\/2025\/04\/cropped-iiag_v21.png","contentUrl":"https:\/\/gtgiiag.umsa.bo\/wp-content\/uploads\/2025\/04\/cropped-iiag_v21.png","width":469,"height":197,"caption":"Instituto de Investigaciones y Aplicaciones Geom\u00e1ticas"},"image":{"@id":"https:\/\/gtgiiag.umsa.bo\/#\/schema\/logo\/image\/"}},{"@type":"WebSite","@id":"https:\/\/gtgiiag.umsa.bo\/#website","url":"https:\/\/gtgiiag.umsa.bo\/","name":"Instituto de Investigaciones y Aplicaciones Geom\u00e1ticas","description":"","publisher":{"@id":"https:\/\/gtgiiag.umsa.bo\/#organization"},"potentialAction":[{"@type":"SearchAction","target":{"@type":"EntryPoint","urlTemplate":"https:\/\/gtgiiag.umsa.bo\/?s={search_term_string}"},"query-input":"required name=search_term_string"}],"inLanguage":"es"},{"@type":"WebPage","@id":"https:\/\/gtgiiag.umsa.bo\/?page_id=1162","url":"https:\/\/gtgiiag.umsa.bo\/?page_id=1162","name":"Registro MCG - Instituto de Investigaciones y Aplicaciones Geom\u00e1ticas","isPartOf":{"@id":"https:\/\/gtgiiag.umsa.bo\/#website"},"datePublished":"2022-07-06T19:39:22+00:00","dateModified":"2022-07-07T17:10:44+00:00","breadcrumb":{"@id":"https:\/\/gtgiiag.umsa.bo\/?page_id=1162#breadcrumb"},"inLanguage":"es","potentialAction":[{"@type":"ReadAction","target":["https:\/\/gtgiiag.umsa.bo\/?page_id=1162"]}]},{"@type":"BreadcrumbList","@id":"https:\/\/gtgiiag.umsa.bo\/?page_id=1162#breadcrumb","itemListElement":[{"@type":"ListItem","position":1,"name":"Portada","item":"https:\/\/gtgiiag.umsa.bo\/"},{"@type":"ListItem","position":2,"name":"Registro MCG"}]}]}},"_links":{"self":[{"href":"https:\/\/gtgiiag.umsa.bo\/index.php?rest_route=\/wp\/v2\/pages\/1162"}],"collection":[{"href":"https:\/\/gtgiiag.umsa.bo\/index.php?rest_route=\/wp\/v2\/pages"}],"about":[{"href":"https:\/\/gtgiiag.umsa.bo\/index.php?rest_route=\/wp\/v2\/types\/page"}],"author":[{"embeddable":true,"href":"https:\/\/gtgiiag.umsa.bo\/index.php?rest_route=\/wp\/v2\/users\/1"}],"replies":[{"embeddable":true,"href":"https:\/\/gtgiiag.umsa.bo\/index.php?rest_route=%2Fwp%2Fv2%2Fcomments&post=1162"}],"version-history":[{"count":16,"href":"https:\/\/gtgiiag.umsa.bo\/index.php?rest_route=\/wp\/v2\/pages\/1162\/revisions"}],"predecessor-version":[{"id":1380,"href":"https:\/\/gtgiiag.umsa.bo\/index.php?rest_route=\/wp\/v2\/pages\/1162\/revisions\/1380"}],"wp:attachment":[{"href":"https:\/\/gtgiiag.umsa.bo\/index.php?rest_route=%2Fwp%2Fv2%2Fmedia&parent=1162"}],"curies":[{"name":"wp","href":"https:\/\/api.w.org\/{rel}","templated":true}]}}